{"id":1440,"date":"2014-03-23T16:58:13","date_gmt":"2014-03-23T14:58:13","guid":{"rendered":"http:\/\/elnostreraco.com\/blog\/?page_id=1440"},"modified":"2017-03-30T15:26:24","modified_gmt":"2017-03-30T13:26:24","slug":"speaking","status":"publish","type":"page","link":"https:\/\/elnostreraco.com\/blog\/speaking\/","title":{"rendered":"Confer\u00e8ncies i esdeveniments"},"content":{"rendered":"<p>He tingut el privilegi de ser ponent i poder parlar en diferents confer\u00e8ncies, fires i universitats.<\/p>\n<h2>Temes tractats a les pon\u00e8ncies<\/h2>\n<ul>\n<li>CRO.<\/li>\n<li>Anal\u00edtica web.<\/li>\n<li>UX.<\/li>\n<li>Ecommerce.<\/li>\n<li>WPO.<\/li>\n<li>SEO.<\/li>\n<li>SEM.<\/li>\n<li>Magento.<\/li>\n<\/ul>\n<h2>Esdeveniments anteriors<\/h2>\n<ul>\n<li>User Web Analytics.<\/li>\n<li>Measurecamp London &amp; Barcelona.<\/li>\n<li>ClinicSEO.<\/li>\n<li>eShow.<\/li>\n<li>Ecommretail.<\/li>\n<li>EcommCaf\u00e8 Barcelona.<\/li>\n<li>EcommBeers.<\/li>\n<li>OpenExpo.<\/li>\n<li>Mobile World Centre.<\/li>\n<li>Marketineo Digital Fest.<\/li>\n<li>Making Customers Happy meetup.<\/li>\n<li>WebPerf.es.<\/li>\n<li>Ecommretail.<\/li>\n<\/ul>\n<h2>Contacta amb mi<\/h2>\n<p>Si vols que participi a la teva confer\u00e8ncia o esdeveniment, <a href=\"http:\/\/elnostreraco.com\/blog\/contacta\/\">contacta amb mi<\/a>.<\/p>\n","protected":false},"excerpt":{"rendered":"<p>He tingut el privilegi de ser ponent i poder parlar en diferents confer\u00e8ncies, fires i universitats. Temes tractats a les pon\u00e8ncies CRO. Anal\u00edtica web. UX. Ecommerce. WPO. SEO. SEM. Magento. Esdeveniments anteriors User Web Analytics. &hellip; <\/p>\n","protected":false},"author":1,"featured_media":0,"parent":0,"menu_order":3,"comment_status":"closed","ping_status":"closed","template":"","meta":{"footnotes":""},"class_list":["post-1440","page","type-page","status-publish","hentry"],"yoast_head":"<!-- This site is optimized with the Yoast SEO plugin v27.1.1 - https:\/\/yoast.com\/product\/yoast-seo-wordpress\/ -->\n<title>Confer\u00e8ncies i esdeveniments ~ Jordi Rosell<\/title>\n<meta name=\"robots\" content=\"index, follow, max-snippet:-1, max-image-preview:large, max-video-preview:-1\" \/>\n<link rel=\"canonical\" href=\"https:\/\/elnostreraco.com\/blog\/speaking\/\" \/>\n<meta property=\"og:locale\" content=\"ca_ES\" \/>\n<meta property=\"og:type\" content=\"article\" \/>\n<meta property=\"og:title\" content=\"Confer\u00e8ncies i esdeveniments ~ Jordi Rosell\" \/>\n<meta property=\"og:description\" content=\"He tingut el privilegi de ser ponent i poder parlar en diferents confer\u00e8ncies, fires i universitats. Temes tractats a les pon\u00e8ncies CRO. Anal\u00edtica web. UX. Ecommerce. WPO. SEO. SEM. Magento. Esdeveniments anteriors User Web Analytics. &hellip;\" \/>\n<meta property=\"og:url\" content=\"https:\/\/elnostreraco.com\/blog\/speaking\/\" \/>\n<meta property=\"og:site_name\" content=\"Jordi Rosell\" \/>\n<meta property=\"article:modified_time\" content=\"2017-03-30T13:26:24+00:00\" \/>\n<meta name=\"twitter:card\" content=\"summary_large_image\" \/>\n<meta name=\"twitter:site\" content=\"@jrosell\" \/>\n<script type=\"application\/ld+json\" class=\"yoast-schema-graph\">{\"@context\":\"https:\/\/schema.org\",\"@graph\":[{\"@type\":\"WebPage\",\"@id\":\"https:\/\/elnostreraco.com\/blog\/speaking\/\",\"url\":\"https:\/\/elnostreraco.com\/blog\/speaking\/\",\"name\":\"Confer\u00e8ncies i esdeveniments ~ Jordi Rosell\",\"isPartOf\":{\"@id\":\"https:\/\/elnostreraco.com\/blog\/#website\"},\"datePublished\":\"2014-03-23T14:58:13+00:00\",\"dateModified\":\"2017-03-30T13:26:24+00:00\",\"breadcrumb\":{\"@id\":\"https:\/\/elnostreraco.com\/blog\/speaking\/#breadcrumb\"},\"inLanguage\":\"ca\",\"potentialAction\":[{\"@type\":\"ReadAction\",\"target\":[\"https:\/\/elnostreraco.com\/blog\/speaking\/\"]}]},{\"@type\":\"BreadcrumbList\",\"@id\":\"https:\/\/elnostreraco.com\/blog\/speaking\/#breadcrumb\",\"itemListElement\":[{\"@type\":\"ListItem\",\"position\":1,\"name\":\"Inici\",\"item\":\"https:\/\/elnostreraco.com\/blog\/\"},{\"@type\":\"ListItem\",\"position\":2,\"name\":\"Confer\u00e8ncies i esdeveniments\"}]},{\"@type\":\"WebSite\",\"@id\":\"https:\/\/elnostreraco.com\/blog\/#website\",\"url\":\"https:\/\/elnostreraco.com\/blog\/\",\"name\":\"Jordi Rosell\",\"description\":\"Conversi\u00f3, eCommerce i Marketing online\",\"potentialAction\":[{\"@type\":\"SearchAction\",\"target\":{\"@type\":\"EntryPoint\",\"urlTemplate\":\"https:\/\/elnostreraco.com\/blog\/?s={search_term_string}\"},\"query-input\":{\"@type\":\"PropertyValueSpecification\",\"valueRequired\":true,\"valueName\":\"search_term_string\"}}],\"inLanguage\":\"ca\"}]}<\/script>\n<!-- \/ Yoast SEO plugin. -->","yoast_head_json":{"title":"Confer\u00e8ncies i esdeveniments ~ Jordi Rosell","robots":{"index":"index","follow":"follow","max-snippet":"max-snippet:-1","max-image-preview":"max-image-preview:large","max-video-preview":"max-video-preview:-1"},"canonical":"https:\/\/elnostreraco.com\/blog\/speaking\/","og_locale":"ca_ES","og_type":"article","og_title":"Confer\u00e8ncies i esdeveniments ~ Jordi Rosell","og_description":"He tingut el privilegi de ser ponent i poder parlar en diferents confer\u00e8ncies, fires i universitats. Temes tractats a les pon\u00e8ncies CRO. Anal\u00edtica web. UX. Ecommerce. WPO. SEO. SEM. Magento. Esdeveniments anteriors User Web Analytics. &hellip;","og_url":"https:\/\/elnostreraco.com\/blog\/speaking\/","og_site_name":"Jordi Rosell","article_modified_time":"2017-03-30T13:26:24+00:00","twitter_card":"summary_large_image","twitter_site":"@jrosell","schema":{"@context":"https:\/\/schema.org","@graph":[{"@type":"WebPage","@id":"https:\/\/elnostreraco.com\/blog\/speaking\/","url":"https:\/\/elnostreraco.com\/blog\/speaking\/","name":"Confer\u00e8ncies i esdeveniments ~ Jordi Rosell","isPartOf":{"@id":"https:\/\/elnostreraco.com\/blog\/#website"},"datePublished":"2014-03-23T14:58:13+00:00","dateModified":"2017-03-30T13:26:24+00:00","breadcrumb":{"@id":"https:\/\/elnostreraco.com\/blog\/speaking\/#breadcrumb"},"inLanguage":"ca","potentialAction":[{"@type":"ReadAction","target":["https:\/\/elnostreraco.com\/blog\/speaking\/"]}]},{"@type":"BreadcrumbList","@id":"https:\/\/elnostreraco.com\/blog\/speaking\/#breadcrumb","itemListElement":[{"@type":"ListItem","position":1,"name":"Inici","item":"https:\/\/elnostreraco.com\/blog\/"},{"@type":"ListItem","position":2,"name":"Confer\u00e8ncies i esdeveniments"}]},{"@type":"WebSite","@id":"https:\/\/elnostreraco.com\/blog\/#website","url":"https:\/\/elnostreraco.com\/blog\/","name":"Jordi Rosell","description":"Conversi\u00f3, eCommerce i Marketing online","potentialAction":[{"@type":"SearchAction","target":{"@type":"EntryPoint","urlTemplate":"https:\/\/elnostreraco.com\/blog\/?s={search_term_string}"},"query-input":{"@type":"PropertyValueSpecification","valueRequired":true,"valueName":"search_term_string"}}],"inLanguage":"ca"}]}},"_links":{"self":[{"href":"https:\/\/elnostreraco.com\/blog\/wp-json\/wp\/v2\/pages\/1440","targetHints":{"allow":["GET"]}}],"collection":[{"href":"https:\/\/elnostreraco.com\/blog\/wp-json\/wp\/v2\/pages"}],"about":[{"href":"https:\/\/elnostreraco.com\/blog\/wp-json\/wp\/v2\/types\/page"}],"author":[{"embeddable":true,"href":"https:\/\/elnostreraco.com\/blog\/wp-json\/wp\/v2\/users\/1"}],"replies":[{"embeddable":true,"href":"https:\/\/elnostreraco.com\/blog\/wp-json\/wp\/v2\/comments?post=1440"}],"version-history":[{"count":15,"href":"https:\/\/elnostreraco.com\/blog\/wp-json\/wp\/v2\/pages\/1440\/revisions"}],"predecessor-version":[{"id":3051,"href":"https:\/\/elnostreraco.com\/blog\/wp-json\/wp\/v2\/pages\/1440\/revisions\/3051"}],"wp:attachment":[{"href":"https:\/\/elnostreraco.com\/blog\/wp-json\/wp\/v2\/media?parent=1440"}],"curies":[{"name":"wp","href":"https:\/\/api.w.org\/{rel}","templated":true}]}}